{"id":4901,"date":"2024-02-09T11:27:56","date_gmt":"2024-02-09T10:27:56","guid":{"rendered":"https:\/\/www.cc-laplaine-jurassienne.fr\/?page_id=4901"},"modified":"2024-02-09T14:06:33","modified_gmt":"2024-02-09T13:06:33","slug":"le-guichet-unique","status":"publish","type":"page","link":"https:\/\/www.cc-laplaine-jurassienne.fr\/index.php\/le-guichet-unique\/","title":{"rendered":"Le guichet unique"},"content":{"rendered":"\t\t<div data-elementor-type=\"wp-page\" data-elementor-id=\"4901\" class=\"elementor elementor-4901\" data-elementor-post-type=\"page\">\n\t\t\t\t\t\t<section class=\"elementor-section elementor-top-section elementor-element elementor-element-723ad79 elementor-section-boxed elementor-section-height-default elementor-section-height-default\" data-id=\"723ad79\" data-element_type=\"section\" data-e-type=\"section\">\n\t\t\t\t\t\t<div class=\"elementor-container elementor-column-gap-default\">\n\t\t\t\t\t<div class=\"elementor-column elementor-col-100 elementor-top-column elementor-element elementor-element-a7a4b24\" data-id=\"a7a4b24\" data-element_type=\"column\" data-e-type=\"column\">\n\t\t\t<div class=\"elementor-widget-wrap elementor-element-populated\">\n\t\t\t\t\t\t<div class=\"elementor-element elementor-element-737a186 elementor-widget elementor-widget-heading\" data-id=\"737a186\" data-element_type=\"widget\" data-e-type=\"widget\" data-widget_type=\"heading.default\">\n\t\t\t\t<div class=\"elementor-widget-container\">\n\t\t\t\t\t<h1 class=\"elementor-heading-title elementor-size-default\">LE GUICHET UNIQUE<\/h1>\t\t\t\t<\/div>\n\t\t\t\t<\/div>\n\t\t\t\t\t<\/div>\n\t\t<\/div>\n\t\t\t\t\t<\/div>\n\t\t<\/section>\n\t\t\t\t<section class=\"elementor-section elementor-top-section elementor-element elementor-element-abf024a elementor-section-boxed elementor-section-height-default elementor-section-height-default\" data-id=\"abf024a\" data-element_type=\"section\" data-e-type=\"section\">\n\t\t\t\t\t\t<div class=\"elementor-container elementor-column-gap-default\">\n\t\t\t\t\t<div class=\"elementor-column elementor-col-100 elementor-top-column elementor-element elementor-element-f3429a0\" data-id=\"f3429a0\" data-element_type=\"column\" data-e-type=\"column\">\n\t\t\t<div class=\"elementor-widget-wrap elementor-element-populated\">\n\t\t\t\t\t\t<div class=\"elementor-element elementor-element-f28bc02 elementor-position-inline-start elementor-view-default elementor-mobile-position-block-start elementor-widget elementor-widget-icon-box\" data-id=\"f28bc02\" data-element_type=\"widget\" data-e-type=\"widget\" data-widget_type=\"icon-box.default\">\n\t\t\t\t<div class=\"elementor-widget-container\">\n\t\t\t\t\t\t\t<div class=\"elementor-icon-box-wrapper\">\n\n\t\t\t\t\t\t<div class=\"elementor-icon-box-icon\">\n\t\t\t\t<span  class=\"elementor-icon\">\n\t\t\t\t<i aria-hidden=\"true\" class=\"far fa-arrow-alt-circle-right\"><\/i>\t\t\t\t<\/span>\n\t\t\t<\/div>\n\t\t\t\n\t\t\t\t\t\t<div class=\"elementor-icon-box-content\">\n\n\t\t\t\t\t\t\t\t\t<h2 class=\"elementor-icon-box-title\">\n\t\t\t\t\t\t<span  >\n\t\t\t\t\t\t\tQu'est-ce que le guichet unique ?\t\t\t\t\t\t<\/span>\n\t\t\t\t\t<\/h2>\n\t\t\t\t\n\t\t\t\t\n\t\t\t<\/div>\n\t\t\t\n\t\t<\/div>\n\t\t\t\t\t\t<\/div>\n\t\t\t\t<\/div>\n\t\t\t\t\t<\/div>\n\t\t<\/div>\n\t\t\t\t\t<\/div>\n\t\t<\/section>\n\t\t\t\t<section class=\"elementor-section elementor-top-section elementor-element elementor-element-afe5894 elementor-section-boxed elementor-section-height-default elementor-section-height-default\" data-id=\"afe5894\" data-element_type=\"section\" data-e-type=\"section\">\n\t\t\t\t\t\t<div class=\"elementor-container elementor-column-gap-default\">\n\t\t\t\t\t<div class=\"elementor-column elementor-col-66 elementor-top-column elementor-element elementor-element-978a7a4\" data-id=\"978a7a4\" data-element_type=\"column\" data-e-type=\"column\">\n\t\t\t<div class=\"elementor-widget-wrap elementor-element-populated\">\n\t\t\t\t\t\t<div class=\"elementor-element elementor-element-0e92f99 elementor-widget elementor-widget-text-editor\" data-id=\"0e92f99\" data-element_type=\"widget\" data-e-type=\"widget\" data-widget_type=\"text-editor.default\">\n\t\t\t\t<div class=\"elementor-widget-container\">\n\t\t\t\t\t\t\t\t\t<p style=\"font-weight: 400;\"><strong>Votre interlocuteur de proximit\u00e9 pour tous vos besoins\u00a0!<\/strong><\/p><p style=\"font-weight: 400;\">\u00a0Pour soutenir l\u2019\u00e9conomie de proximit\u00e9, accompagner les entreprises locales dans leur cr\u00e9ation, leur d\u00e9veloppement, leur \u00e9volution et parfois leurs difficult\u00e9s, la Communaut\u00e9 de Communes de la Plaine Jurassienne souhaite se positionner comme un partenaire privil\u00e9gi\u00e9 et de proximit\u00e9 aupr\u00e8s des entreprises locales. C\u2019est pourquoi, elle met en place un guichet unique pour vous accompagner et r\u00e9pondre \u00e0 toutes les interrogations. Pour faciliter vos d\u00e9marches, les services techniques de la collectivit\u00e9 r\u00e9pondront soit directement \u00e0 vos probl\u00e9matiques, soit en mobilisant son r\u00e9seau de partenaires.<\/p>\t\t\t\t\t\t\t\t<\/div>\n\t\t\t\t<\/div>\n\t\t\t\t\t<\/div>\n\t\t<\/div>\n\t\t\t\t<div class=\"elementor-column elementor-col-33 elementor-top-column elementor-element elementor-element-9ab65ea\" data-id=\"9ab65ea\" data-element_type=\"column\" data-e-type=\"column\">\n\t\t\t<div class=\"elementor-widget-wrap elementor-element-populated\">\n\t\t\t\t\t\t<div class=\"elementor-element elementor-element-81d6382 elementor-widget elementor-widget-image\" data-id=\"81d6382\" data-element_type=\"widget\" data-e-type=\"widget\" data-widget_type=\"image.default\">\n\t\t\t\t<div class=\"elementor-widget-container\">\n\t\t\t\t\t\t\t\t\t\t\t\t\t\t\t<img fetchpriority=\"high\" decoding=\"async\" width=\"1024\" height=\"1024\" src=\"https:\/\/www.cc-laplaine-jurassienne.fr\/wp-content\/uploads\/2024\/02\/guichet-unique-1-1024x1024.jpg\" class=\"attachment-large size-large wp-image-4916\" alt=\"\" srcset=\"https:\/\/www.cc-laplaine-jurassienne.fr\/wp-content\/uploads\/2024\/02\/guichet-unique-1-1024x1024.jpg 1024w, https:\/\/www.cc-laplaine-jurassienne.fr\/wp-content\/uploads\/2024\/02\/guichet-unique-1-300x300.jpg 300w, https:\/\/www.cc-laplaine-jurassienne.fr\/wp-content\/uploads\/2024\/02\/guichet-unique-1-150x150.jpg 150w, https:\/\/www.cc-laplaine-jurassienne.fr\/wp-content\/uploads\/2024\/02\/guichet-unique-1-768x768.jpg 768w, https:\/\/www.cc-laplaine-jurassienne.fr\/wp-content\/uploads\/2024\/02\/guichet-unique-1-1536x1536.jpg 1536w, https:\/\/www.cc-laplaine-jurassienne.fr\/wp-content\/uploads\/2024\/02\/guichet-unique-1-600x600.jpg 600w, https:\/\/www.cc-laplaine-jurassienne.fr\/wp-content\/uploads\/2024\/02\/guichet-unique-1.jpg 2000w\" sizes=\"(max-width: 1024px) 100vw, 1024px\" \/>\t\t\t\t\t\t\t\t\t\t\t\t\t\t\t<\/div>\n\t\t\t\t<\/div>\n\t\t\t\t\t<\/div>\n\t\t<\/div>\n\t\t\t\t\t<\/div>\n\t\t<\/section>\n\t\t\t\t<section class=\"elementor-section elementor-top-section elementor-element elementor-element-72bc4d7 elementor-section-boxed elementor-section-height-default elementor-section-height-default\" data-id=\"72bc4d7\" data-element_type=\"section\" data-e-type=\"section\" data-settings=\"{&quot;background_background&quot;:&quot;classic&quot;}\">\n\t\t\t\t\t\t<div class=\"elementor-container elementor-column-gap-default\">\n\t\t\t\t\t<div class=\"elementor-column elementor-col-100 elementor-top-column elementor-element elementor-element-9b19bde\" data-id=\"9b19bde\" data-element_type=\"column\" data-e-type=\"column\">\n\t\t\t<div class=\"elementor-widget-wrap elementor-element-populated\">\n\t\t\t\t\t\t<div class=\"elementor-element elementor-element-3adef43 elementor-widget elementor-widget-text-editor\" data-id=\"3adef43\" data-element_type=\"widget\" data-e-type=\"widget\" data-widget_type=\"text-editor.default\">\n\t\t\t\t<div class=\"elementor-widget-container\">\n\t\t\t\t\t\t\t\t\t<p><strong>Pour toute question ou renseignement :\u00a0<\/strong><\/p><p>3 place du Coll\u00e8ge, 39120 CHAUSSIN<\/p><p>03 84 81 70 22<\/p><p>deveco@ccpj.fr<\/p>\t\t\t\t\t\t\t\t<\/div>\n\t\t\t\t<\/div>\n\t\t\t\t\t<\/div>\n\t\t<\/div>\n\t\t\t\t\t<\/div>\n\t\t<\/section>\n\t\t\t\t<\/div>\n\t\t","protected":false},"excerpt":{"rendered":"<p>LE GUICHET UNIQUE Qu&rsquo;est-ce que le guichet unique ? Votre interlocuteur de proximit\u00e9 pour tous vos besoins\u00a0! \u00a0Pour soutenir l\u2019\u00e9conomie de proximit\u00e9, accompagner les entreprises locales dans leur cr\u00e9ation, leur d\u00e9veloppement, leur \u00e9volution et parfois leurs difficult\u00e9s, la Communaut\u00e9 de Communes de la Plaine Jurassienne souhaite se positionner comme un partenaire privil\u00e9gi\u00e9 et de proximit\u00e9 [&hellip;]<\/p>\n","protected":false},"author":1,"featured_media":0,"parent":0,"menu_order":0,"comment_status":"closed","ping_status":"closed","template":"","meta":{"ocean_post_layout":"","ocean_both_sidebars_style":"","ocean_both_sidebars_content_width":0,"ocean_both_sidebars_sidebars_width":0,"ocean_sidebar":"0","ocean_second_sidebar":"0","ocean_disable_margins":"enable","ocean_add_body_class":"","ocean_shortcode_before_top_bar":"","ocean_shortcode_after_top_bar":"","ocean_shortcode_before_header":"","ocean_shortcode_after_header":"","ocean_has_shortcode":"","ocean_shortcode_after_title":"","ocean_shortcode_before_footer_widgets":"","ocean_shortcode_after_footer_widgets":"","ocean_shortcode_before_footer_bottom":"","ocean_shortcode_after_footer_bottom":"","ocean_display_top_bar":"default","ocean_display_header":"default","ocean_header_style":"","ocean_center_header_left_menu":"0","ocean_custom_header_template":"0","ocean_custom_logo":0,"ocean_custom_retina_logo":0,"ocean_custom_logo_max_width":0,"ocean_custom_logo_tablet_max_width":0,"ocean_custom_logo_mobile_max_width":0,"ocean_custom_logo_max_height":0,"ocean_custom_logo_tablet_max_height":0,"ocean_custom_logo_mobile_max_height":0,"ocean_header_custom_menu":"0","ocean_menu_typo_font_family":"0","ocean_menu_typo_font_subset":"","ocean_menu_typo_font_size":0,"ocean_menu_typo_font_size_tablet":0,"ocean_menu_typo_font_size_mobile":0,"ocean_menu_typo_font_size_unit":"px","ocean_menu_typo_font_weight":"","ocean_menu_typo_font_weight_tablet":"","ocean_menu_typo_font_weight_mobile":"","ocean_menu_typo_transform":"","ocean_menu_typo_transform_tablet":"","ocean_menu_typo_transform_mobile":"","ocean_menu_typo_line_height":0,"ocean_menu_typo_line_height_tablet":0,"ocean_menu_typo_line_height_mobile":0,"ocean_menu_typo_line_height_unit":"","ocean_menu_typo_spacing":0,"ocean_menu_typo_spacing_tablet":0,"ocean_menu_typo_spacing_mobile":0,"ocean_menu_typo_spacing_unit":"","ocean_menu_link_color":"","ocean_menu_link_color_hover":"","ocean_menu_link_color_active":"","ocean_menu_link_background":"","ocean_menu_link_hover_background":"","ocean_menu_link_active_background":"","ocean_menu_social_links_bg":"","ocean_menu_social_hover_links_bg":"","ocean_menu_social_links_color":"","ocean_menu_social_hover_links_color":"","ocean_disable_title":"on","ocean_disable_heading":"default","ocean_post_title":"","ocean_post_subheading":"","ocean_post_title_style":"","ocean_post_title_background_color":"","ocean_post_title_background":0,"ocean_post_title_bg_image_position":"","ocean_post_title_bg_image_attachment":"","ocean_post_title_bg_image_repeat":"","ocean_post_title_bg_image_size":"","ocean_post_title_height":0,"ocean_post_title_bg_overlay":0.5,"ocean_post_title_bg_overlay_color":"","ocean_disable_breadcrumbs":"default","ocean_breadcrumbs_color":"","ocean_breadcrumbs_separator_color":"","ocean_breadcrumbs_links_color":"","ocean_breadcrumbs_links_hover_color":"","ocean_display_footer_widgets":"default","ocean_display_footer_bottom":"default","ocean_custom_footer_template":"0","ofc_meta_disable_footer_callout":"","ofc_meta_callout_button_url":"","ofc_meta_callout_button_txt":"","ofc_meta_callout_text":"","ofc_enable_fullscreen":"disable","ofc_fullscreen_speed":0,"ofc_fullscreen_nav":"enable","ofc_fullscreen_nav_pos":"right","ofc_fullscreen_nav_color":"","ofc_fullscreen_nav_tooltip_color":"","ofc_fullscreen_responsive":0,"osp_disable_panel":"default","osh_disable_topbar_sticky":"default","osh_disable_header_sticky":"default","osh_sticky_header_style":"default","osh_sticky_header_effect":"","osh_custom_sticky_logo":0,"osh_custom_retina_sticky_logo":0,"osh_custom_sticky_logo_height":0,"osh_background_color":"","osh_links_color":"","osh_links_hover_color":"","osh_links_active_color":"","osh_links_bg_color":"","osh_links_hover_bg_color":"","osh_links_active_bg_color":"","osh_menu_social_links_color":"","osh_menu_social_hover_links_color":"","footnotes":""},"class_list":["post-4901","page","type-page","status-publish","hentry","entry"],"yoast_head":"<!-- This site is optimized with the Yoast SEO plugin v27.3 - https:\/\/yoast.com\/product\/yoast-seo-wordpress\/ -->\n<title>Le guichet unique - Communaut\u00e9 de Communes de la Plaine Jurassienne<\/title>\n<meta name=\"robots\" content=\"index, follow, max-snippet:-1, max-image-preview:large, max-video-preview:-1\" \/>\n<link rel=\"canonical\" href=\"https:\/\/www.cc-laplaine-jurassienne.fr\/index.php\/le-guichet-unique\/\" \/>\n<meta property=\"og:locale\" content=\"fr_FR\" \/>\n<meta property=\"og:type\" content=\"article\" \/>\n<meta property=\"og:title\" content=\"Le guichet unique - Communaut\u00e9 de Communes de la Plaine Jurassienne\" \/>\n<meta property=\"og:description\" content=\"LE GUICHET UNIQUE Qu&rsquo;est-ce que le guichet unique ? Votre interlocuteur de proximit\u00e9 pour tous vos besoins\u00a0! \u00a0Pour soutenir l\u2019\u00e9conomie de proximit\u00e9, accompagner les entreprises locales dans leur cr\u00e9ation, leur d\u00e9veloppement, leur \u00e9volution et parfois leurs difficult\u00e9s, la Communaut\u00e9 de Communes de la Plaine Jurassienne souhaite se positionner comme un partenaire privil\u00e9gi\u00e9 et de proximit\u00e9 [&hellip;]\" \/>\n<meta property=\"og:url\" content=\"https:\/\/www.cc-laplaine-jurassienne.fr\/index.php\/le-guichet-unique\/\" \/>\n<meta property=\"og:site_name\" content=\"Communaut\u00e9 de Communes de la Plaine Jurassienne\" \/>\n<meta property=\"article:modified_time\" content=\"2024-02-09T13:06:33+00:00\" \/>\n<meta property=\"og:image\" content=\"https:\/\/www.cc-laplaine-jurassienne.fr\/wp-content\/uploads\/2024\/02\/guichet-unique-1-1024x1024.jpg\" \/>\n<meta name=\"twitter:card\" content=\"summary_large_image\" \/>\n<meta name=\"twitter:label1\" content=\"Dur\u00e9e de lecture estim\u00e9e\" \/>\n\t<meta name=\"twitter:data1\" content=\"1 minute\" \/>\n<script type=\"application\/ld+json\" class=\"yoast-schema-graph\">{\"@context\":\"https:\\\/\\\/schema.org\",\"@graph\":[{\"@type\":\"WebPage\",\"@id\":\"https:\\\/\\\/www.cc-laplaine-jurassienne.fr\\\/index.php\\\/le-guichet-unique\\\/\",\"url\":\"https:\\\/\\\/www.cc-laplaine-jurassienne.fr\\\/index.php\\\/le-guichet-unique\\\/\",\"name\":\"Le guichet unique - Communaut\u00e9 de Communes de la Plaine Jurassienne\",\"isPartOf\":{\"@id\":\"https:\\\/\\\/www.cc-laplaine-jurassienne.fr\\\/#website\"},\"primaryImageOfPage\":{\"@id\":\"https:\\\/\\\/www.cc-laplaine-jurassienne.fr\\\/index.php\\\/le-guichet-unique\\\/#primaryimage\"},\"image\":{\"@id\":\"https:\\\/\\\/www.cc-laplaine-jurassienne.fr\\\/index.php\\\/le-guichet-unique\\\/#primaryimage\"},\"thumbnailUrl\":\"https:\\\/\\\/www.cc-laplaine-jurassienne.fr\\\/wp-content\\\/uploads\\\/2024\\\/02\\\/guichet-unique-1-1024x1024.jpg\",\"datePublished\":\"2024-02-09T10:27:56+00:00\",\"dateModified\":\"2024-02-09T13:06:33+00:00\",\"breadcrumb\":{\"@id\":\"https:\\\/\\\/www.cc-laplaine-jurassienne.fr\\\/index.php\\\/le-guichet-unique\\\/#breadcrumb\"},\"inLanguage\":\"fr-FR\",\"potentialAction\":[{\"@type\":\"ReadAction\",\"target\":[\"https:\\\/\\\/www.cc-laplaine-jurassienne.fr\\\/index.php\\\/le-guichet-unique\\\/\"]}]},{\"@type\":\"ImageObject\",\"inLanguage\":\"fr-FR\",\"@id\":\"https:\\\/\\\/www.cc-laplaine-jurassienne.fr\\\/index.php\\\/le-guichet-unique\\\/#primaryimage\",\"url\":\"https:\\\/\\\/www.cc-laplaine-jurassienne.fr\\\/wp-content\\\/uploads\\\/2024\\\/02\\\/guichet-unique-1.jpg\",\"contentUrl\":\"https:\\\/\\\/www.cc-laplaine-jurassienne.fr\\\/wp-content\\\/uploads\\\/2024\\\/02\\\/guichet-unique-1.jpg\",\"width\":2000,\"height\":2000},{\"@type\":\"BreadcrumbList\",\"@id\":\"https:\\\/\\\/www.cc-laplaine-jurassienne.fr\\\/index.php\\\/le-guichet-unique\\\/#breadcrumb\",\"itemListElement\":[{\"@type\":\"ListItem\",\"position\":1,\"name\":\"Accueil\",\"item\":\"https:\\\/\\\/www.cc-laplaine-jurassienne.fr\\\/\"},{\"@type\":\"ListItem\",\"position\":2,\"name\":\"Le guichet unique\"}]},{\"@type\":\"WebSite\",\"@id\":\"https:\\\/\\\/www.cc-laplaine-jurassienne.fr\\\/#website\",\"url\":\"https:\\\/\\\/www.cc-laplaine-jurassienne.fr\\\/\",\"name\":\"Communaut\u00e9 de Communes de la Plaine Jurassienne\",\"description\":\"\",\"publisher\":{\"@id\":\"https:\\\/\\\/www.cc-laplaine-jurassienne.fr\\\/#organization\"},\"potentialAction\":[{\"@type\":\"SearchAction\",\"target\":{\"@type\":\"EntryPoint\",\"urlTemplate\":\"https:\\\/\\\/www.cc-laplaine-jurassienne.fr\\\/?s={search_term_string}\"},\"query-input\":{\"@type\":\"PropertyValueSpecification\",\"valueRequired\":true,\"valueName\":\"search_term_string\"}}],\"inLanguage\":\"fr-FR\"},{\"@type\":\"Organization\",\"@id\":\"https:\\\/\\\/www.cc-laplaine-jurassienne.fr\\\/#organization\",\"name\":\"Communaut\u00e9 de Communes de la Plaine Jurassienne\",\"url\":\"https:\\\/\\\/www.cc-laplaine-jurassienne.fr\\\/\",\"logo\":{\"@type\":\"ImageObject\",\"inLanguage\":\"fr-FR\",\"@id\":\"https:\\\/\\\/www.cc-laplaine-jurassienne.fr\\\/#\\\/schema\\\/logo\\\/image\\\/\",\"url\":\"https:\\\/\\\/www.cc-laplaine-jurassienne.fr\\\/wp-content\\\/uploads\\\/2019\\\/11\\\/Nouveau-logo-PJ.png\",\"contentUrl\":\"https:\\\/\\\/www.cc-laplaine-jurassienne.fr\\\/wp-content\\\/uploads\\\/2019\\\/11\\\/Nouveau-logo-PJ.png\",\"width\":1794,\"height\":788,\"caption\":\"Communaut\u00e9 de Communes de la Plaine Jurassienne\"},\"image\":{\"@id\":\"https:\\\/\\\/www.cc-laplaine-jurassienne.fr\\\/#\\\/schema\\\/logo\\\/image\\\/\"}}]}<\/script>\n<!-- \/ Yoast SEO plugin. -->","yoast_head_json":{"title":"Le guichet unique - Communaut\u00e9 de Communes de la Plaine Jurassienne","robots":{"index":"index","follow":"follow","max-snippet":"max-snippet:-1","max-image-preview":"max-image-preview:large","max-video-preview":"max-video-preview:-1"},"canonical":"https:\/\/www.cc-laplaine-jurassienne.fr\/index.php\/le-guichet-unique\/","og_locale":"fr_FR","og_type":"article","og_title":"Le guichet unique - Communaut\u00e9 de Communes de la Plaine Jurassienne","og_description":"LE GUICHET UNIQUE Qu&rsquo;est-ce que le guichet unique ? Votre interlocuteur de proximit\u00e9 pour tous vos besoins\u00a0! \u00a0Pour soutenir l\u2019\u00e9conomie de proximit\u00e9, accompagner les entreprises locales dans leur cr\u00e9ation, leur d\u00e9veloppement, leur \u00e9volution et parfois leurs difficult\u00e9s, la Communaut\u00e9 de Communes de la Plaine Jurassienne souhaite se positionner comme un partenaire privil\u00e9gi\u00e9 et de proximit\u00e9 [&hellip;]","og_url":"https:\/\/www.cc-laplaine-jurassienne.fr\/index.php\/le-guichet-unique\/","og_site_name":"Communaut\u00e9 de Communes de la Plaine Jurassienne","article_modified_time":"2024-02-09T13:06:33+00:00","og_image":[{"url":"https:\/\/www.cc-laplaine-jurassienne.fr\/wp-content\/uploads\/2024\/02\/guichet-unique-1-1024x1024.jpg","type":"","width":"","height":""}],"twitter_card":"summary_large_image","twitter_misc":{"Dur\u00e9e de lecture estim\u00e9e":"1 minute"},"schema":{"@context":"https:\/\/schema.org","@graph":[{"@type":"WebPage","@id":"https:\/\/www.cc-laplaine-jurassienne.fr\/index.php\/le-guichet-unique\/","url":"https:\/\/www.cc-laplaine-jurassienne.fr\/index.php\/le-guichet-unique\/","name":"Le guichet unique - Communaut\u00e9 de Communes de la Plaine Jurassienne","isPartOf":{"@id":"https:\/\/www.cc-laplaine-jurassienne.fr\/#website"},"primaryImageOfPage":{"@id":"https:\/\/www.cc-laplaine-jurassienne.fr\/index.php\/le-guichet-unique\/#primaryimage"},"image":{"@id":"https:\/\/www.cc-laplaine-jurassienne.fr\/index.php\/le-guichet-unique\/#primaryimage"},"thumbnailUrl":"https:\/\/www.cc-laplaine-jurassienne.fr\/wp-content\/uploads\/2024\/02\/guichet-unique-1-1024x1024.jpg","datePublished":"2024-02-09T10:27:56+00:00","dateModified":"2024-02-09T13:06:33+00:00","breadcrumb":{"@id":"https:\/\/www.cc-laplaine-jurassienne.fr\/index.php\/le-guichet-unique\/#breadcrumb"},"inLanguage":"fr-FR","potentialAction":[{"@type":"ReadAction","target":["https:\/\/www.cc-laplaine-jurassienne.fr\/index.php\/le-guichet-unique\/"]}]},{"@type":"ImageObject","inLanguage":"fr-FR","@id":"https:\/\/www.cc-laplaine-jurassienne.fr\/index.php\/le-guichet-unique\/#primaryimage","url":"https:\/\/www.cc-laplaine-jurassienne.fr\/wp-content\/uploads\/2024\/02\/guichet-unique-1.jpg","contentUrl":"https:\/\/www.cc-laplaine-jurassienne.fr\/wp-content\/uploads\/2024\/02\/guichet-unique-1.jpg","width":2000,"height":2000},{"@type":"BreadcrumbList","@id":"https:\/\/www.cc-laplaine-jurassienne.fr\/index.php\/le-guichet-unique\/#breadcrumb","itemListElement":[{"@type":"ListItem","position":1,"name":"Accueil","item":"https:\/\/www.cc-laplaine-jurassienne.fr\/"},{"@type":"ListItem","position":2,"name":"Le guichet unique"}]},{"@type":"WebSite","@id":"https:\/\/www.cc-laplaine-jurassienne.fr\/#website","url":"https:\/\/www.cc-laplaine-jurassienne.fr\/","name":"Communaut\u00e9 de Communes de la Plaine Jurassienne","description":"","publisher":{"@id":"https:\/\/www.cc-laplaine-jurassienne.fr\/#organization"},"potentialAction":[{"@type":"SearchAction","target":{"@type":"EntryPoint","urlTemplate":"https:\/\/www.cc-laplaine-jurassienne.fr\/?s={search_term_string}"},"query-input":{"@type":"PropertyValueSpecification","valueRequired":true,"valueName":"search_term_string"}}],"inLanguage":"fr-FR"},{"@type":"Organization","@id":"https:\/\/www.cc-laplaine-jurassienne.fr\/#organization","name":"Communaut\u00e9 de Communes de la Plaine Jurassienne","url":"https:\/\/www.cc-laplaine-jurassienne.fr\/","logo":{"@type":"ImageObject","inLanguage":"fr-FR","@id":"https:\/\/www.cc-laplaine-jurassienne.fr\/#\/schema\/logo\/image\/","url":"https:\/\/www.cc-laplaine-jurassienne.fr\/wp-content\/uploads\/2019\/11\/Nouveau-logo-PJ.png","contentUrl":"https:\/\/www.cc-laplaine-jurassienne.fr\/wp-content\/uploads\/2019\/11\/Nouveau-logo-PJ.png","width":1794,"height":788,"caption":"Communaut\u00e9 de Communes de la Plaine Jurassienne"},"image":{"@id":"https:\/\/www.cc-laplaine-jurassienne.fr\/#\/schema\/logo\/image\/"}}]}},"_links":{"self":[{"href":"https:\/\/www.cc-laplaine-jurassienne.fr\/index.php\/wp-json\/wp\/v2\/pages\/4901","targetHints":{"allow":["GET"]}}],"collection":[{"href":"https:\/\/www.cc-laplaine-jurassienne.fr\/index.php\/wp-json\/wp\/v2\/pages"}],"about":[{"href":"https:\/\/www.cc-laplaine-jurassienne.fr\/index.php\/wp-json\/wp\/v2\/types\/page"}],"author":[{"embeddable":true,"href":"https:\/\/www.cc-laplaine-jurassienne.fr\/index.php\/wp-json\/wp\/v2\/users\/1"}],"replies":[{"embeddable":true,"href":"https:\/\/www.cc-laplaine-jurassienne.fr\/index.php\/wp-json\/wp\/v2\/comments?post=4901"}],"version-history":[{"count":7,"href":"https:\/\/www.cc-laplaine-jurassienne.fr\/index.php\/wp-json\/wp\/v2\/pages\/4901\/revisions"}],"predecessor-version":[{"id":4919,"href":"https:\/\/www.cc-laplaine-jurassienne.fr\/index.php\/wp-json\/wp\/v2\/pages\/4901\/revisions\/4919"}],"wp:attachment":[{"href":"https:\/\/www.cc-laplaine-jurassienne.fr\/index.php\/wp-json\/wp\/v2\/media?parent=4901"}],"curies":[{"name":"wp","href":"https:\/\/api.w.org\/{rel}","templated":true}]}}