{"id":4939,"date":"2024-02-09T15:04:49","date_gmt":"2024-02-09T14:04:49","guid":{"rendered":"https:\/\/www.cc-laplaine-jurassienne.fr\/?page_id=4939"},"modified":"2024-02-09T15:13:10","modified_gmt":"2024-02-09T14:13:10","slug":"simplanter-sur-le-territoire","status":"publish","type":"page","link":"https:\/\/www.cc-laplaine-jurassienne.fr\/index.php\/simplanter-sur-le-territoire\/","title":{"rendered":"S&rsquo;implanter sur le territoire"},"content":{"rendered":"\t\t<div data-elementor-type=\"wp-page\" data-elementor-id=\"4939\" class=\"elementor elementor-4939\" data-elementor-post-type=\"page\">\n\t\t\t\t\t\t<section class=\"elementor-section elementor-top-section elementor-element elementor-element-9d211c9 elementor-section-boxed elementor-section-height-default elementor-section-height-default\" data-id=\"9d211c9\" data-element_type=\"section\" data-e-type=\"section\">\n\t\t\t\t\t\t<div class=\"elementor-container elementor-column-gap-default\">\n\t\t\t\t\t<div class=\"elementor-column elementor-col-100 elementor-top-column elementor-element elementor-element-618c121\" data-id=\"618c121\" data-element_type=\"column\" data-e-type=\"column\">\n\t\t\t<div class=\"elementor-widget-wrap elementor-element-populated\">\n\t\t\t\t\t\t<div class=\"elementor-element elementor-element-2bbf4af elementor-widget elementor-widget-heading\" data-id=\"2bbf4af\" data-element_type=\"widget\" data-e-type=\"widget\" data-widget_type=\"heading.default\">\n\t\t\t\t<div class=\"elementor-widget-container\">\n\t\t\t\t\t<h1 class=\"elementor-heading-title elementor-size-default\">S'IMPLANTER SUR LE TERRITOIRE<\/h1>\t\t\t\t<\/div>\n\t\t\t\t<\/div>\n\t\t\t\t\t<\/div>\n\t\t<\/div>\n\t\t\t\t\t<\/div>\n\t\t<\/section>\n\t\t\t\t<section class=\"elementor-section elementor-top-section elementor-element elementor-element-a24b3f1 elementor-section-boxed elementor-section-height-default elementor-section-height-default\" data-id=\"a24b3f1\" data-element_type=\"section\" data-e-type=\"section\">\n\t\t\t\t\t\t<div class=\"elementor-container elementor-column-gap-default\">\n\t\t\t\t\t<div class=\"elementor-column elementor-col-66 elementor-top-column elementor-element elementor-element-2c04beb\" data-id=\"2c04beb\" data-element_type=\"column\" data-e-type=\"column\">\n\t\t\t<div class=\"elementor-widget-wrap elementor-element-populated\">\n\t\t\t\t\t\t<div class=\"elementor-element elementor-element-b624901 elementor-widget elementor-widget-text-editor\" data-id=\"b624901\" data-element_type=\"widget\" data-e-type=\"widget\" data-widget_type=\"text-editor.default\">\n\t\t\t\t<div class=\"elementor-widget-container\">\n\t\t\t\t\t\t\t\t\t<p style=\"font-weight: 400;\">Situ\u00e9e \u00e0 proximit\u00e9 directe de Dole et sur les axes Chalon-sur-Sa\u00f4ne \u2013 Dole et Dijon \u2013 Lons-le-Saunier, le territoire de la Plaine Jurassienne est id\u00e9al pour implanter votre entreprise. Le secteur s\u2019ouvre sur une grande zone de chalandise et regroupe tous les services n\u00e9cessaires pour le bon fonctionnement et d\u00e9veloppement de votre soci\u00e9t\u00e9. Nous vous accompagnons dans votre projet par une collaboration avec nos partenaires : Initiative Dole Territoire, Chambre de Commerce et de l\u2019Industrie, Chambre des M\u00e9tiers et de l\u2019Artisanat, &#8230;<\/p><p style=\"font-weight: 400;\">De plus, le territoire de la Communaut\u00e9 de Communes est class\u00e9 en Zone de Revitalisation Rurale (ZRR),\u00a0vous permettant d\u2019acc\u00e9der \u00e0 des exon\u00e9rations d\u2019imp\u00f4ts et de taxes (jusqu\u2019au 31 d\u00e9cembre 2023), totales ou partielles pendant 5 \u00e0 8 ans suivant conditions.<\/p>\t\t\t\t\t\t\t\t<\/div>\n\t\t\t\t<\/div>\n\t\t\t\t\t<\/div>\n\t\t<\/div>\n\t\t\t\t<div class=\"elementor-column elementor-col-33 elementor-top-column elementor-element elementor-element-4e28edb\" data-id=\"4e28edb\" data-element_type=\"column\" data-e-type=\"column\">\n\t\t\t<div class=\"elementor-widget-wrap elementor-element-populated\">\n\t\t\t\t\t\t<div class=\"elementor-element elementor-element-bf3a665 elementor-widget elementor-widget-image\" data-id=\"bf3a665\" data-element_type=\"widget\" data-e-type=\"widget\" data-widget_type=\"image.default\">\n\t\t\t\t<div class=\"elementor-widget-container\">\n\t\t\t\t\t\t\t\t\t\t\t\t\t\t\t<img fetchpriority=\"high\" decoding=\"async\" width=\"1024\" height=\"683\" src=\"https:\/\/www.cc-laplaine-jurassienne.fr\/wp-content\/uploads\/2024\/02\/bloc-notes-figure-maison-proximite-regimes-1024x683.jpg\" class=\"attachment-large size-large wp-image-4941\" alt=\"\" srcset=\"https:\/\/www.cc-laplaine-jurassienne.fr\/wp-content\/uploads\/2024\/02\/bloc-notes-figure-maison-proximite-regimes-1024x683.jpg 1024w, https:\/\/www.cc-laplaine-jurassienne.fr\/wp-content\/uploads\/2024\/02\/bloc-notes-figure-maison-proximite-regimes-300x200.jpg 300w, https:\/\/www.cc-laplaine-jurassienne.fr\/wp-content\/uploads\/2024\/02\/bloc-notes-figure-maison-proximite-regimes-768x512.jpg 768w, https:\/\/www.cc-laplaine-jurassienne.fr\/wp-content\/uploads\/2024\/02\/bloc-notes-figure-maison-proximite-regimes-1536x1024.jpg 1536w, https:\/\/www.cc-laplaine-jurassienne.fr\/wp-content\/uploads\/2024\/02\/bloc-notes-figure-maison-proximite-regimes-2048x1365.jpg 2048w\" sizes=\"(max-width: 1024px) 100vw, 1024px\" \/>\t\t\t\t\t\t\t\t\t\t\t\t\t\t\t<\/div>\n\t\t\t\t<\/div>\n\t\t\t\t\t<\/div>\n\t\t<\/div>\n\t\t\t\t\t<\/div>\n\t\t<\/section>\n\t\t\t\t<section class=\"elementor-section elementor-top-section elementor-element elementor-element-026c692 elementor-section-boxed elementor-section-height-default elementor-section-height-default\" data-id=\"026c692\" data-element_type=\"section\" data-e-type=\"section\">\n\t\t\t\t\t\t<div class=\"elementor-container elementor-column-gap-default\">\n\t\t\t\t\t<div class=\"elementor-column elementor-col-100 elementor-top-column elementor-element elementor-element-37699d6\" data-id=\"37699d6\" data-element_type=\"column\" data-e-type=\"column\">\n\t\t\t<div class=\"elementor-widget-wrap elementor-element-populated\">\n\t\t\t\t\t\t<div class=\"elementor-element elementor-element-29ad8ac elementor-widget elementor-widget-text-editor\" data-id=\"29ad8ac\" data-element_type=\"widget\" data-e-type=\"widget\" data-widget_type=\"text-editor.default\">\n\t\t\t\t<div class=\"elementor-widget-container\">\n\t\t\t\t\t\t\t\t\t<div><strong>Si vous avez un projet de cr\u00e9ation ou d\u2019installation d\u2019entreprises, contactez-nous et nous vous aiderons \u00e0 r\u00e9aliser votre projet\u00a0!<\/strong><\/div>\t\t\t\t\t\t\t\t<\/div>\n\t\t\t\t<\/div>\n\t\t\t\t\t<\/div>\n\t\t<\/div>\n\t\t\t\t\t<\/div>\n\t\t<\/section>\n\t\t\t\t<section class=\"elementor-section elementor-top-section elementor-element elementor-element-9b4607c elementor-section-boxed elementor-section-height-default elementor-section-height-default\" data-id=\"9b4607c\" data-element_type=\"section\" data-e-type=\"section\">\n\t\t\t\t\t\t<div class=\"elementor-container elementor-column-gap-default\">\n\t\t\t\t\t<div class=\"elementor-column elementor-col-100 elementor-top-column elementor-element elementor-element-1f0ed1b\" data-id=\"1f0ed1b\" data-element_type=\"column\" data-e-type=\"column\">\n\t\t\t<div class=\"elementor-widget-wrap elementor-element-populated\">\n\t\t\t\t\t\t<div class=\"elementor-element elementor-element-bb52e73 elementor-position-inline-start elementor-view-default elementor-mobile-position-block-start elementor-widget elementor-widget-icon-box\" data-id=\"bb52e73\" data-element_type=\"widget\" data-e-type=\"widget\" data-widget_type=\"icon-box.default\">\n\t\t\t\t<div class=\"elementor-widget-container\">\n\t\t\t\t\t\t\t<div class=\"elementor-icon-box-wrapper\">\n\n\t\t\t\t\t\t<div class=\"elementor-icon-box-icon\">\n\t\t\t\t<span  class=\"elementor-icon\">\n\t\t\t\t<i aria-hidden=\"true\" class=\"far fa-arrow-alt-circle-right\"><\/i>\t\t\t\t<\/span>\n\t\t\t<\/div>\n\t\t\t\n\t\t\t\t\t\t<div class=\"elementor-icon-box-content\">\n\n\t\t\t\t\t\t\t\t\t<h2 class=\"elementor-icon-box-title\">\n\t\t\t\t\t\t<span  >\n\t\t\t\t\t\t\tBourse aux locaux en Plaine Jurassienne\t\t\t\t\t\t<\/span>\n\t\t\t\t\t<\/h2>\n\t\t\t\t\n\t\t\t\t\n\t\t\t<\/div>\n\t\t\t\n\t\t<\/div>\n\t\t\t\t\t\t<\/div>\n\t\t\t\t<\/div>\n\t\t\t\t<div class=\"elementor-element elementor-element-3bf15ca elementor-widget elementor-widget-text-editor\" data-id=\"3bf15ca\" data-element_type=\"widget\" data-e-type=\"widget\" data-widget_type=\"text-editor.default\">\n\t\t\t\t<div class=\"elementor-widget-container\">\n\t\t\t\t\t\t\t\t\t<p style=\"font-weight: 400;\">La Communaut\u00e9 de Communes de la Plaine Jurassienne vous accompagne dans la recherche d\u2019un local pour implanter votre activit\u00e9 sur le territoire. Pr\u00e9sentez-nous votre projet et nous vous orienterons vers les locaux \u00e0 vendre ou \u00e0 louer correspondant \u00e0 votre recherche sur le territoire.<\/p><p style=\"font-weight: 400;\">Pour les propri\u00e9taires, nous vous proposons de d\u00e9poser votre annonce aupr\u00e8s de la collectivit\u00e9 et nous nous chargerons de partager et mettre en avant votre local professionnel aupr\u00e8s de nos partenaires et des potentiels porteurs de projets.<\/p>\t\t\t\t\t\t\t\t<\/div>\n\t\t\t\t<\/div>\n\t\t\t\t\t<\/div>\n\t\t<\/div>\n\t\t\t\t\t<\/div>\n\t\t<\/section>\n\t\t\t\t<section class=\"elementor-section elementor-top-section elementor-element elementor-element-8eaa0d8 elementor-section-boxed elementor-section-height-default elementor-section-height-default\" data-id=\"8eaa0d8\" data-element_type=\"section\" data-e-type=\"section\" data-settings=\"{&quot;background_background&quot;:&quot;classic&quot;}\">\n\t\t\t\t\t\t<div class=\"elementor-container elementor-column-gap-default\">\n\t\t\t\t\t<div class=\"elementor-column elementor-col-100 elementor-top-column elementor-element elementor-element-5d3c2a3\" data-id=\"5d3c2a3\" data-element_type=\"column\" data-e-type=\"column\">\n\t\t\t<div class=\"elementor-widget-wrap elementor-element-populated\">\n\t\t\t\t\t\t<div class=\"elementor-element elementor-element-5737ae4 elementor-widget elementor-widget-text-editor\" data-id=\"5737ae4\" data-element_type=\"widget\" data-e-type=\"widget\" data-widget_type=\"text-editor.default\">\n\t\t\t\t<div class=\"elementor-widget-container\">\n\t\t\t\t\t\t\t\t\t<p><strong>Pour toute question ou renseignement :\u00a0<\/strong><\/p><p>3 place du Coll\u00e8ge, 39120 CHAUSSIN<\/p><p>03 84 81 70 22<\/p><p>deveco@ccpj.fr<\/p>\t\t\t\t\t\t\t\t<\/div>\n\t\t\t\t<\/div>\n\t\t\t\t\t<\/div>\n\t\t<\/div>\n\t\t\t\t\t<\/div>\n\t\t<\/section>\n\t\t\t\t<\/div>\n\t\t","protected":false},"excerpt":{"rendered":"<p>S&rsquo;IMPLANTER SUR LE TERRITOIRE Situ\u00e9e \u00e0 proximit\u00e9 directe de Dole et sur les axes Chalon-sur-Sa\u00f4ne \u2013 Dole et Dijon \u2013 Lons-le-Saunier, le territoire de la Plaine Jurassienne est id\u00e9al pour implanter votre entreprise. Le secteur s\u2019ouvre sur une grande zone de chalandise et regroupe tous les services n\u00e9cessaires pour le bon fonctionnement et d\u00e9veloppement de [&hellip;]<\/p>\n","protected":false},"author":1,"featured_media":0,"parent":0,"menu_order":0,"comment_status":"closed","ping_status":"closed","template":"","meta":{"ocean_post_layout":"","ocean_both_sidebars_style":"","ocean_both_sidebars_content_width":0,"ocean_both_sidebars_sidebars_width":0,"ocean_sidebar":"0","ocean_second_sidebar":"0","ocean_disable_margins":"enable","ocean_add_body_class":"","ocean_shortcode_before_top_bar":"","ocean_shortcode_after_top_bar":"","ocean_shortcode_before_header":"","ocean_shortcode_after_header":"","ocean_has_shortcode":"","ocean_shortcode_after_title":"","ocean_shortcode_before_footer_widgets":"","ocean_shortcode_after_footer_widgets":"","ocean_shortcode_before_footer_bottom":"","ocean_shortcode_after_footer_bottom":"","ocean_display_top_bar":"default","ocean_display_header":"default","ocean_header_style":"","ocean_center_header_left_menu":"0","ocean_custom_header_template":"0","ocean_custom_logo":0,"ocean_custom_retina_logo":0,"ocean_custom_logo_max_width":0,"ocean_custom_logo_tablet_max_width":0,"ocean_custom_logo_mobile_max_width":0,"ocean_custom_logo_max_height":0,"ocean_custom_logo_tablet_max_height":0,"ocean_custom_logo_mobile_max_height":0,"ocean_header_custom_menu":"0","ocean_menu_typo_font_family":"0","ocean_menu_typo_font_subset":"","ocean_menu_typo_font_size":0,"ocean_menu_typo_font_size_tablet":0,"ocean_menu_typo_font_size_mobile":0,"ocean_menu_typo_font_size_unit":"px","ocean_menu_typo_font_weight":"","ocean_menu_typo_font_weight_tablet":"","ocean_menu_typo_font_weight_mobile":"","ocean_menu_typo_transform":"","ocean_menu_typo_transform_tablet":"","ocean_menu_typo_transform_mobile":"","ocean_menu_typo_line_height":0,"ocean_menu_typo_line_height_tablet":0,"ocean_menu_typo_line_height_mobile":0,"ocean_menu_typo_line_height_unit":"","ocean_menu_typo_spacing":0,"ocean_menu_typo_spacing_tablet":0,"ocean_menu_typo_spacing_mobile":0,"ocean_menu_typo_spacing_unit":"","ocean_menu_link_color":"","ocean_menu_link_color_hover":"","ocean_menu_link_color_active":"","ocean_menu_link_background":"","ocean_menu_link_hover_background":"","ocean_menu_link_active_background":"","ocean_menu_social_links_bg":"","ocean_menu_social_hover_links_bg":"","ocean_menu_social_links_color":"","ocean_menu_social_hover_links_color":"","ocean_disable_title":"on","ocean_disable_heading":"default","ocean_post_title":"","ocean_post_subheading":"","ocean_post_title_style":"","ocean_post_title_background_color":"","ocean_post_title_background":0,"ocean_post_title_bg_image_position":"","ocean_post_title_bg_image_attachment":"","ocean_post_title_bg_image_repeat":"","ocean_post_title_bg_image_size":"","ocean_post_title_height":0,"ocean_post_title_bg_overlay":0.5,"ocean_post_title_bg_overlay_color":"","ocean_disable_breadcrumbs":"default","ocean_breadcrumbs_color":"","ocean_breadcrumbs_separator_color":"","ocean_breadcrumbs_links_color":"","ocean_breadcrumbs_links_hover_color":"","ocean_display_footer_widgets":"default","ocean_display_footer_bottom":"default","ocean_custom_footer_template":"0","ofc_meta_disable_footer_callout":"","ofc_meta_callout_button_url":"","ofc_meta_callout_button_txt":"","ofc_meta_callout_text":"","ofc_enable_fullscreen":"disable","ofc_fullscreen_speed":0,"ofc_fullscreen_nav":"enable","ofc_fullscreen_nav_pos":"right","ofc_fullscreen_nav_color":"","ofc_fullscreen_nav_tooltip_color":"","ofc_fullscreen_responsive":0,"osp_disable_panel":"default","osh_disable_topbar_sticky":"default","osh_disable_header_sticky":"default","osh_sticky_header_style":"default","osh_sticky_header_effect":"","osh_custom_sticky_logo":0,"osh_custom_retina_sticky_logo":0,"osh_custom_sticky_logo_height":0,"osh_background_color":"","osh_links_color":"","osh_links_hover_color":"","osh_links_active_color":"","osh_links_bg_color":"","osh_links_hover_bg_color":"","osh_links_active_bg_color":"","osh_menu_social_links_color":"","osh_menu_social_hover_links_color":"","footnotes":""},"class_list":["post-4939","page","type-page","status-publish","hentry","entry"],"yoast_head":"<!-- This site is optimized with the Yoast SEO plugin v27.1.1 - https:\/\/yoast.com\/product\/yoast-seo-wordpress\/ -->\n<title>S&#039;implanter sur le territoire - Communaut\u00e9 de Communes de la Plaine Jurassienne<\/title>\n<meta name=\"robots\" content=\"index, follow, max-snippet:-1, max-image-preview:large, max-video-preview:-1\" \/>\n<link rel=\"canonical\" href=\"https:\/\/www.cc-laplaine-jurassienne.fr\/index.php\/simplanter-sur-le-territoire\/\" \/>\n<meta property=\"og:locale\" content=\"fr_FR\" \/>\n<meta property=\"og:type\" content=\"article\" \/>\n<meta property=\"og:title\" content=\"S&#039;implanter sur le territoire - Communaut\u00e9 de Communes de la Plaine Jurassienne\" \/>\n<meta property=\"og:description\" content=\"S&rsquo;IMPLANTER SUR LE TERRITOIRE Situ\u00e9e \u00e0 proximit\u00e9 directe de Dole et sur les axes Chalon-sur-Sa\u00f4ne \u2013 Dole et Dijon \u2013 Lons-le-Saunier, le territoire de la Plaine Jurassienne est id\u00e9al pour implanter votre entreprise. Le secteur s\u2019ouvre sur une grande zone de chalandise et regroupe tous les services n\u00e9cessaires pour le bon fonctionnement et d\u00e9veloppement de [&hellip;]\" \/>\n<meta property=\"og:url\" content=\"https:\/\/www.cc-laplaine-jurassienne.fr\/index.php\/simplanter-sur-le-territoire\/\" \/>\n<meta property=\"og:site_name\" content=\"Communaut\u00e9 de Communes de la Plaine Jurassienne\" \/>\n<meta property=\"article:modified_time\" content=\"2024-02-09T14:13:10+00:00\" \/>\n<meta property=\"og:image\" content=\"https:\/\/www.cc-laplaine-jurassienne.fr\/wp-content\/uploads\/2024\/02\/bloc-notes-figure-maison-proximite-regimes-1024x683.jpg\" \/>\n<meta name=\"twitter:card\" content=\"summary_large_image\" \/>\n<meta name=\"twitter:label1\" content=\"Dur\u00e9e de lecture estim\u00e9e\" \/>\n\t<meta name=\"twitter:data1\" content=\"2 minutes\" \/>\n<script type=\"application\/ld+json\" class=\"yoast-schema-graph\">{\"@context\":\"https:\/\/schema.org\",\"@graph\":[{\"@type\":\"WebPage\",\"@id\":\"https:\/\/www.cc-laplaine-jurassienne.fr\/index.php\/simplanter-sur-le-territoire\/\",\"url\":\"https:\/\/www.cc-laplaine-jurassienne.fr\/index.php\/simplanter-sur-le-territoire\/\",\"name\":\"S'implanter sur le territoire - Communaut\u00e9 de Communes de la Plaine Jurassienne\",\"isPartOf\":{\"@id\":\"https:\/\/www.cc-laplaine-jurassienne.fr\/#website\"},\"primaryImageOfPage\":{\"@id\":\"https:\/\/www.cc-laplaine-jurassienne.fr\/index.php\/simplanter-sur-le-territoire\/#primaryimage\"},\"image\":{\"@id\":\"https:\/\/www.cc-laplaine-jurassienne.fr\/index.php\/simplanter-sur-le-territoire\/#primaryimage\"},\"thumbnailUrl\":\"https:\/\/www.cc-laplaine-jurassienne.fr\/wp-content\/uploads\/2024\/02\/bloc-notes-figure-maison-proximite-regimes-1024x683.jpg\",\"datePublished\":\"2024-02-09T14:04:49+00:00\",\"dateModified\":\"2024-02-09T14:13:10+00:00\",\"breadcrumb\":{\"@id\":\"https:\/\/www.cc-laplaine-jurassienne.fr\/index.php\/simplanter-sur-le-territoire\/#breadcrumb\"},\"inLanguage\":\"fr-FR\",\"potentialAction\":[{\"@type\":\"ReadAction\",\"target\":[\"https:\/\/www.cc-laplaine-jurassienne.fr\/index.php\/simplanter-sur-le-territoire\/\"]}]},{\"@type\":\"ImageObject\",\"inLanguage\":\"fr-FR\",\"@id\":\"https:\/\/www.cc-laplaine-jurassienne.fr\/index.php\/simplanter-sur-le-territoire\/#primaryimage\",\"url\":\"https:\/\/www.cc-laplaine-jurassienne.fr\/wp-content\/uploads\/2024\/02\/bloc-notes-figure-maison-proximite-regimes-scaled.jpg\",\"contentUrl\":\"https:\/\/www.cc-laplaine-jurassienne.fr\/wp-content\/uploads\/2024\/02\/bloc-notes-figure-maison-proximite-regimes-scaled.jpg\",\"width\":2560,\"height\":1707},{\"@type\":\"BreadcrumbList\",\"@id\":\"https:\/\/www.cc-laplaine-jurassienne.fr\/index.php\/simplanter-sur-le-territoire\/#breadcrumb\",\"itemListElement\":[{\"@type\":\"ListItem\",\"position\":1,\"name\":\"Accueil\",\"item\":\"https:\/\/www.cc-laplaine-jurassienne.fr\/\"},{\"@type\":\"ListItem\",\"position\":2,\"name\":\"S&rsquo;implanter sur le territoire\"}]},{\"@type\":\"WebSite\",\"@id\":\"https:\/\/www.cc-laplaine-jurassienne.fr\/#website\",\"url\":\"https:\/\/www.cc-laplaine-jurassienne.fr\/\",\"name\":\"Communaut\u00e9 de Communes de la Plaine Jurassienne\",\"description\":\"\",\"publisher\":{\"@id\":\"https:\/\/www.cc-laplaine-jurassienne.fr\/#organization\"},\"potentialAction\":[{\"@type\":\"SearchAction\",\"target\":{\"@type\":\"EntryPoint\",\"urlTemplate\":\"https:\/\/www.cc-laplaine-jurassienne.fr\/?s={search_term_string}\"},\"query-input\":{\"@type\":\"PropertyValueSpecification\",\"valueRequired\":true,\"valueName\":\"search_term_string\"}}],\"inLanguage\":\"fr-FR\"},{\"@type\":\"Organization\",\"@id\":\"https:\/\/www.cc-laplaine-jurassienne.fr\/#organization\",\"name\":\"Communaut\u00e9 de Communes de la Plaine Jurassienne\",\"url\":\"https:\/\/www.cc-laplaine-jurassienne.fr\/\",\"logo\":{\"@type\":\"ImageObject\",\"inLanguage\":\"fr-FR\",\"@id\":\"https:\/\/www.cc-laplaine-jurassienne.fr\/#\/schema\/logo\/image\/\",\"url\":\"https:\/\/www.cc-laplaine-jurassienne.fr\/wp-content\/uploads\/2019\/11\/Nouveau-logo-PJ.png\",\"contentUrl\":\"https:\/\/www.cc-laplaine-jurassienne.fr\/wp-content\/uploads\/2019\/11\/Nouveau-logo-PJ.png\",\"width\":1794,\"height\":788,\"caption\":\"Communaut\u00e9 de Communes de la Plaine Jurassienne\"},\"image\":{\"@id\":\"https:\/\/www.cc-laplaine-jurassienne.fr\/#\/schema\/logo\/image\/\"}}]}<\/script>\n<!-- \/ Yoast SEO plugin. -->","yoast_head_json":{"title":"S'implanter sur le territoire - Communaut\u00e9 de Communes de la Plaine Jurassienne","robots":{"index":"index","follow":"follow","max-snippet":"max-snippet:-1","max-image-preview":"max-image-preview:large","max-video-preview":"max-video-preview:-1"},"canonical":"https:\/\/www.cc-laplaine-jurassienne.fr\/index.php\/simplanter-sur-le-territoire\/","og_locale":"fr_FR","og_type":"article","og_title":"S'implanter sur le territoire - Communaut\u00e9 de Communes de la Plaine Jurassienne","og_description":"S&rsquo;IMPLANTER SUR LE TERRITOIRE Situ\u00e9e \u00e0 proximit\u00e9 directe de Dole et sur les axes Chalon-sur-Sa\u00f4ne \u2013 Dole et Dijon \u2013 Lons-le-Saunier, le territoire de la Plaine Jurassienne est id\u00e9al pour implanter votre entreprise. Le secteur s\u2019ouvre sur une grande zone de chalandise et regroupe tous les services n\u00e9cessaires pour le bon fonctionnement et d\u00e9veloppement de [&hellip;]","og_url":"https:\/\/www.cc-laplaine-jurassienne.fr\/index.php\/simplanter-sur-le-territoire\/","og_site_name":"Communaut\u00e9 de Communes de la Plaine Jurassienne","article_modified_time":"2024-02-09T14:13:10+00:00","og_image":[{"url":"https:\/\/www.cc-laplaine-jurassienne.fr\/wp-content\/uploads\/2024\/02\/bloc-notes-figure-maison-proximite-regimes-1024x683.jpg","type":"","width":"","height":""}],"twitter_card":"summary_large_image","twitter_misc":{"Dur\u00e9e de lecture estim\u00e9e":"2 minutes"},"schema":{"@context":"https:\/\/schema.org","@graph":[{"@type":"WebPage","@id":"https:\/\/www.cc-laplaine-jurassienne.fr\/index.php\/simplanter-sur-le-territoire\/","url":"https:\/\/www.cc-laplaine-jurassienne.fr\/index.php\/simplanter-sur-le-territoire\/","name":"S'implanter sur le territoire - Communaut\u00e9 de Communes de la Plaine Jurassienne","isPartOf":{"@id":"https:\/\/www.cc-laplaine-jurassienne.fr\/#website"},"primaryImageOfPage":{"@id":"https:\/\/www.cc-laplaine-jurassienne.fr\/index.php\/simplanter-sur-le-territoire\/#primaryimage"},"image":{"@id":"https:\/\/www.cc-laplaine-jurassienne.fr\/index.php\/simplanter-sur-le-territoire\/#primaryimage"},"thumbnailUrl":"https:\/\/www.cc-laplaine-jurassienne.fr\/wp-content\/uploads\/2024\/02\/bloc-notes-figure-maison-proximite-regimes-1024x683.jpg","datePublished":"2024-02-09T14:04:49+00:00","dateModified":"2024-02-09T14:13:10+00:00","breadcrumb":{"@id":"https:\/\/www.cc-laplaine-jurassienne.fr\/index.php\/simplanter-sur-le-territoire\/#breadcrumb"},"inLanguage":"fr-FR","potentialAction":[{"@type":"ReadAction","target":["https:\/\/www.cc-laplaine-jurassienne.fr\/index.php\/simplanter-sur-le-territoire\/"]}]},{"@type":"ImageObject","inLanguage":"fr-FR","@id":"https:\/\/www.cc-laplaine-jurassienne.fr\/index.php\/simplanter-sur-le-territoire\/#primaryimage","url":"https:\/\/www.cc-laplaine-jurassienne.fr\/wp-content\/uploads\/2024\/02\/bloc-notes-figure-maison-proximite-regimes-scaled.jpg","contentUrl":"https:\/\/www.cc-laplaine-jurassienne.fr\/wp-content\/uploads\/2024\/02\/bloc-notes-figure-maison-proximite-regimes-scaled.jpg","width":2560,"height":1707},{"@type":"BreadcrumbList","@id":"https:\/\/www.cc-laplaine-jurassienne.fr\/index.php\/simplanter-sur-le-territoire\/#breadcrumb","itemListElement":[{"@type":"ListItem","position":1,"name":"Accueil","item":"https:\/\/www.cc-laplaine-jurassienne.fr\/"},{"@type":"ListItem","position":2,"name":"S&rsquo;implanter sur le territoire"}]},{"@type":"WebSite","@id":"https:\/\/www.cc-laplaine-jurassienne.fr\/#website","url":"https:\/\/www.cc-laplaine-jurassienne.fr\/","name":"Communaut\u00e9 de Communes de la Plaine Jurassienne","description":"","publisher":{"@id":"https:\/\/www.cc-laplaine-jurassienne.fr\/#organization"},"potentialAction":[{"@type":"SearchAction","target":{"@type":"EntryPoint","urlTemplate":"https:\/\/www.cc-laplaine-jurassienne.fr\/?s={search_term_string}"},"query-input":{"@type":"PropertyValueSpecification","valueRequired":true,"valueName":"search_term_string"}}],"inLanguage":"fr-FR"},{"@type":"Organization","@id":"https:\/\/www.cc-laplaine-jurassienne.fr\/#organization","name":"Communaut\u00e9 de Communes de la Plaine Jurassienne","url":"https:\/\/www.cc-laplaine-jurassienne.fr\/","logo":{"@type":"ImageObject","inLanguage":"fr-FR","@id":"https:\/\/www.cc-laplaine-jurassienne.fr\/#\/schema\/logo\/image\/","url":"https:\/\/www.cc-laplaine-jurassienne.fr\/wp-content\/uploads\/2019\/11\/Nouveau-logo-PJ.png","contentUrl":"https:\/\/www.cc-laplaine-jurassienne.fr\/wp-content\/uploads\/2019\/11\/Nouveau-logo-PJ.png","width":1794,"height":788,"caption":"Communaut\u00e9 de Communes de la Plaine Jurassienne"},"image":{"@id":"https:\/\/www.cc-laplaine-jurassienne.fr\/#\/schema\/logo\/image\/"}}]}},"_links":{"self":[{"href":"https:\/\/www.cc-laplaine-jurassienne.fr\/index.php\/wp-json\/wp\/v2\/pages\/4939","targetHints":{"allow":["GET"]}}],"collection":[{"href":"https:\/\/www.cc-laplaine-jurassienne.fr\/index.php\/wp-json\/wp\/v2\/pages"}],"about":[{"href":"https:\/\/www.cc-laplaine-jurassienne.fr\/index.php\/wp-json\/wp\/v2\/types\/page"}],"author":[{"embeddable":true,"href":"https:\/\/www.cc-laplaine-jurassienne.fr\/index.php\/wp-json\/wp\/v2\/users\/1"}],"replies":[{"embeddable":true,"href":"https:\/\/www.cc-laplaine-jurassienne.fr\/index.php\/wp-json\/wp\/v2\/comments?post=4939"}],"version-history":[{"count":10,"href":"https:\/\/www.cc-laplaine-jurassienne.fr\/index.php\/wp-json\/wp\/v2\/pages\/4939\/revisions"}],"predecessor-version":[{"id":4950,"href":"https:\/\/www.cc-laplaine-jurassienne.fr\/index.php\/wp-json\/wp\/v2\/pages\/4939\/revisions\/4950"}],"wp:attachment":[{"href":"https:\/\/www.cc-laplaine-jurassienne.fr\/index.php\/wp-json\/wp\/v2\/media?parent=4939"}],"curies":[{"name":"wp","href":"https:\/\/api.w.org\/{rel}","templated":true}]}}